{"id":80,"date":"2023-04-03T14:39:47","date_gmt":"2023-04-03T13:39:47","guid":{"rendered":"https:\/\/www.psteel.sk\/?page_id=80"},"modified":"2023-04-03T16:17:25","modified_gmt":"2023-04-03T15:17:25","slug":"likvidacia-odpadov","status":"publish","type":"page","link":"https:\/\/www.psteel.sk\/?page_id=80","title":{"rendered":"Likvid\u00e1cia odpadov"},"content":{"rendered":"\n<p>Poskytovanie slu\u017eieb spolo\u010dnos\u0165ou <strong>P-STEEL s.r.o.<\/strong> v oblasti odpadov\u00e9ho hospod\u00e1rstva je zalo\u017een\u00e9 na individu\u00e1lnom pr\u00edstupe k z\u00e1kazn\u00edkom v s\u00falade s platn\u00fdmi predpismi a z\u00e1konmi. Spolo\u010dnos\u0165 m\u00e1 povolenie na nakladanie s&nbsp;ostatn\u00fdmi odpadmi.<\/p>\n\n\n\n<p>Prev\u00e1dzkujeme zariadenia:<\/p>\n\n\n\n<ul>\n<li>na zhodnocovanie ostatn\u00fdch odpadov <strong>&nbsp;R12<\/strong><\/li>\n<\/ul>\n\n\n\n<figure class=\"wp-block-image size-large\"><a href=\"https:\/\/www.psteel.sk\/wp-content\/uploads\/2023\/04\/Obrazok-1-scaled.jpg\"><img decoding=\"async\" loading=\"lazy\" width=\"1024\" height=\"595\" src=\"https:\/\/www.psteel.sk\/wp-content\/uploads\/2023\/04\/Obrazok-1-1024x595.jpg\" alt=\"\" class=\"wp-image-135\" srcset=\"https:\/\/www.psteel.sk\/wp-content\/uploads\/2023\/04\/Obrazok-1-1024x595.jpg 1024w, https:\/\/www.psteel.sk\/wp-content\/uploads\/2023\/04\/Obrazok-1-300x174.jpg 300w, https:\/\/www.psteel.sk\/wp-content\/uploads\/2023\/04\/Obrazok-1-768x446.jpg 768w, https:\/\/www.psteel.sk\/wp-content\/uploads\/2023\/04\/Obrazok-1-1536x892.jpg 1536w, https:\/\/www.psteel.sk\/wp-content\/uploads\/2023\/04\/Obrazok-1-2048x1189.jpg 2048w\" sizes=\"(max-width: 1024px) 100vw, 1024px\" \/><\/a><\/figure>\n","protected":false},"excerpt":{"rendered":"<p>Poskytovanie slu\u017eieb spolo\u010dnos\u0165ou P-STEEL s.r.o. v oblasti odpadov\u00e9ho hospod\u00e1rstva je zalo\u017een\u00e9 na individu\u00e1lnom pr\u00edstupe k z\u00e1kazn\u00edkom v s\u00falade s platn\u00fdmi predpismi a z\u00e1konmi. Spolo\u010dnos\u0165 m\u00e1 [&hellip;]<\/p>\n","protected":false},"author":2,"featured_media":0,"parent":0,"menu_order":0,"comment_status":"closed","ping_status":"closed","template":"","meta":[],"_links":{"self":[{"href":"https:\/\/www.psteel.sk\/index.php?rest_route=\/wp\/v2\/pages\/80"}],"collection":[{"href":"https:\/\/www.psteel.sk\/index.php?rest_route=\/wp\/v2\/pages"}],"about":[{"href":"https:\/\/www.psteel.sk\/index.php?rest_route=\/wp\/v2\/types\/page"}],"author":[{"embeddable":true,"href":"https:\/\/www.psteel.sk\/index.php?rest_route=\/wp\/v2\/users\/2"}],"replies":[{"embeddable":true,"href":"https:\/\/www.psteel.sk\/index.php?rest_route=%2Fwp%2Fv2%2Fcomments&post=80"}],"version-history":[{"count":5,"href":"https:\/\/www.psteel.sk\/index.php?rest_route=\/wp\/v2\/pages\/80\/revisions"}],"predecessor-version":[{"id":136,"href":"https:\/\/www.psteel.sk\/index.php?rest_route=\/wp\/v2\/pages\/80\/revisions\/136"}],"wp:attachment":[{"href":"https:\/\/www.psteel.sk\/index.php?rest_route=%2Fwp%2Fv2%2Fmedia&parent=80"}],"curies":[{"name":"wp","href":"https:\/\/api.w.org\/{rel}","templated":true}]}}