{"id":78,"date":"2023-04-03T14:39:22","date_gmt":"2023-04-03T13:39:22","guid":{"rendered":"https:\/\/www.psteel.sk\/?page_id=78"},"modified":"2023-04-03T15:54:54","modified_gmt":"2023-04-03T14:54:54","slug":"recyklacia","status":"publish","type":"page","link":"https:\/\/www.psteel.sk\/?page_id=78","title":{"rendered":"Recykl\u00e1cia"},"content":{"rendered":"\n<p>Spolo\u010dnos\u0165 <strong>P-STEEL s.r.o.<\/strong> poskytuje mo\u017enos\u0165 zhodnocovania ostatn\u00fdch odpadov procesom:<\/p>\n\n\n\n<ul>\n<li>skladovanie a&nbsp;separ\u00e1cia odpadov s n\u00e1sledn\u00fdm zhodnoten\u00edm&nbsp; &#8211; <strong>R12, R13.<\/strong><\/li>\n\n\n\n<li>drvenie odpadov&nbsp; &#8211; <strong>R12,<\/strong><\/li>\n<\/ul>\n\n\n\n<figure class=\"wp-block-image size-large\"><a href=\"https:\/\/www.psteel.sk\/wp-content\/uploads\/2023\/04\/Obrazok-2m.jpg\"><img decoding=\"async\" loading=\"lazy\" width=\"997\" height=\"1024\" src=\"https:\/\/www.psteel.sk\/wp-content\/uploads\/2023\/04\/Obrazok-2m-997x1024.jpg\" alt=\"recyklacia\" class=\"wp-image-90\" srcset=\"https:\/\/www.psteel.sk\/wp-content\/uploads\/2023\/04\/Obrazok-2m-997x1024.jpg 997w, https:\/\/www.psteel.sk\/wp-content\/uploads\/2023\/04\/Obrazok-2m-292x300.jpg 292w, https:\/\/www.psteel.sk\/wp-content\/uploads\/2023\/04\/Obrazok-2m-768x789.jpg 768w, https:\/\/www.psteel.sk\/wp-content\/uploads\/2023\/04\/Obrazok-2m.jpg 1194w\" sizes=\"(max-width: 997px) 100vw, 997px\" \/><\/a><\/figure>\n","protected":false},"excerpt":{"rendered":"<p>Spolo\u010dnos\u0165 P-STEEL s.r.o. poskytuje mo\u017enos\u0165 zhodnocovania ostatn\u00fdch odpadov procesom:<\/p>\n","protected":false},"author":2,"featured_media":0,"parent":0,"menu_order":0,"comment_status":"closed","ping_status":"closed","template":"","meta":[],"_links":{"self":[{"href":"https:\/\/www.psteel.sk\/index.php?rest_route=\/wp\/v2\/pages\/78"}],"collection":[{"href":"https:\/\/www.psteel.sk\/index.php?rest_route=\/wp\/v2\/pages"}],"about":[{"href":"https:\/\/www.psteel.sk\/index.php?rest_route=\/wp\/v2\/types\/page"}],"author":[{"embeddable":true,"href":"https:\/\/www.psteel.sk\/index.php?rest_route=\/wp\/v2\/users\/2"}],"replies":[{"embeddable":true,"href":"https:\/\/www.psteel.sk\/index.php?rest_route=%2Fwp%2Fv2%2Fcomments&post=78"}],"version-history":[{"count":3,"href":"https:\/\/www.psteel.sk\/index.php?rest_route=\/wp\/v2\/pages\/78\/revisions"}],"predecessor-version":[{"id":104,"href":"https:\/\/www.psteel.sk\/index.php?rest_route=\/wp\/v2\/pages\/78\/revisions\/104"}],"wp:attachment":[{"href":"https:\/\/www.psteel.sk\/index.php?rest_route=%2Fwp%2Fv2%2Fmedia&parent=78"}],"curies":[{"name":"wp","href":"https:\/\/api.w.org\/{rel}","templated":true}]}}